{"id":11212,"date":"2020-10-30T13:03:16","date_gmt":"2020-10-30T13:03:16","guid":{"rendered":"https:\/\/ultraaqua.com\/product\/general-water-disinfection-uv-systems\/"},"modified":"2025-11-14T13:03:59","modified_gmt":"2025-11-14T12:03:59","slug":"sistemas-uv-de-desinfeccao-geral-da-agua","status":"publish","type":"product","link":"https:\/\/ultraaqua.com\/pt-br\/produto\/sistemas-uv-de-desinfeccao-geral-da-agua\/","title":{"rendered":"SISTEMAS UV DE DESINFEC\u00c7\u00c3O GERAL DA \u00c1GUA"},"content":{"rendered":"","protected":false},"featured_media":10893,"template":"","meta":{"_acf_changed":true},"water":[89,85],"product_features":[92,90],"industries":[76,77,78,79],"product_category":[96],"class_list":["post-11212","product","type-product","status-publish","has-post-thumbnail","hentry","water-agua-de-processo","water-agua-doce","product_features-deozonacao","product_features-desinfeccao-geral","industries-uv-aguas-municipais","industries-uv-aquicultura","industries-uv-fluidos-industriais","industries-uv-zoologico-e-aquario","product_category-sistemas-uv-de-vaso-fechado-pt-br"],"acf":[],"_links":{"self":[{"href":"https:\/\/ultraaqua.com\/pt-br\/wp-json\/wp\/v2\/product\/11212","targetHints":{"allow":["GET"]}}],"collection":[{"href":"https:\/\/ultraaqua.com\/pt-br\/wp-json\/wp\/v2\/product"}],"about":[{"href":"https:\/\/ultraaqua.com\/pt-br\/wp-json\/wp\/v2\/types\/product"}],"wp:featuredmedia":[{"embeddable":true,"href":"https:\/\/ultraaqua.com\/pt-br\/wp-json\/wp\/v2\/media\/10893"}],"wp:attachment":[{"href":"https:\/\/ultraaqua.com\/pt-br\/wp-json\/wp\/v2\/media?parent=11212"}],"wp:term":[{"taxonomy":"water","embeddable":true,"href":"https:\/\/ultraaqua.com\/pt-br\/wp-json\/wp\/v2\/water?post=11212"},{"taxonomy":"product_features","embeddable":true,"href":"https:\/\/ultraaqua.com\/pt-br\/wp-json\/wp\/v2\/product_features?post=11212"},{"taxonomy":"industries","embeddable":true,"href":"https:\/\/ultraaqua.com\/pt-br\/wp-json\/wp\/v2\/industries?post=11212"},{"taxonomy":"product_category","embeddable":true,"href":"https:\/\/ultraaqua.com\/pt-br\/wp-json\/wp\/v2\/product_category?post=11212"}],"curies":[{"name":"wp","href":"https:\/\/api.w.org\/{rel}","templated":true}]}}