{"id":11208,"date":"2020-10-30T13:05:04","date_gmt":"2020-10-30T13:05:04","guid":{"rendered":"https:\/\/ultraaqua.com\/product\/ultratron-advanced-oxidation-process-uv-systems\/"},"modified":"2025-11-14T13:10:18","modified_gmt":"2025-11-14T12:10:18","slug":"ultratron-sistemas-uv-de-processo-de-oxidacao-avancado","status":"publish","type":"product","link":"https:\/\/ultraaqua.com\/pt-br\/produto\/ultratron-sistemas-uv-de-processo-de-oxidacao-avancado\/","title":{"rendered":"ULTRATRON\u2122 SISTEMAS UV DE PROCESSO DE OXIDA\u00c7\u00c3O AVAN\u00c7ADO"},"content":{"rendered":"","protected":false},"featured_media":10541,"template":"","meta":{"_acf_changed":true},"water":[87,89,85,88],"product_features":[91,92,90],"industries":[76,77,78],"product_category":[95,97],"class_list":["post-11208","product","type-product","status-publish","has-post-thumbnail","hentry","water-agua-com-baixa-uvt","water-agua-de-processo","water-agua-doce","water-agua-ultrapura","product_features-decloracao","product_features-deozonacao","product_features-desinfeccao-geral","industries-uv-aguas-municipais","industries-uv-aquicultura","industries-uv-fluidos-industriais","product_category-sistemas-uv-de-media-pressao-pt-br","product_category-solucoes-uv-avancadas-pt-br"],"acf":[],"_links":{"self":[{"href":"https:\/\/ultraaqua.com\/pt-br\/wp-json\/wp\/v2\/product\/11208","targetHints":{"allow":["GET"]}}],"collection":[{"href":"https:\/\/ultraaqua.com\/pt-br\/wp-json\/wp\/v2\/product"}],"about":[{"href":"https:\/\/ultraaqua.com\/pt-br\/wp-json\/wp\/v2\/types\/product"}],"wp:featuredmedia":[{"embeddable":true,"href":"https:\/\/ultraaqua.com\/pt-br\/wp-json\/wp\/v2\/media\/10541"}],"wp:attachment":[{"href":"https:\/\/ultraaqua.com\/pt-br\/wp-json\/wp\/v2\/media?parent=11208"}],"wp:term":[{"taxonomy":"water","embeddable":true,"href":"https:\/\/ultraaqua.com\/pt-br\/wp-json\/wp\/v2\/water?post=11208"},{"taxonomy":"product_features","embeddable":true,"href":"https:\/\/ultraaqua.com\/pt-br\/wp-json\/wp\/v2\/product_features?post=11208"},{"taxonomy":"industries","embeddable":true,"href":"https:\/\/ultraaqua.com\/pt-br\/wp-json\/wp\/v2\/industries?post=11208"},{"taxonomy":"product_category","embeddable":true,"href":"https:\/\/ultraaqua.com\/pt-br\/wp-json\/wp\/v2\/product_category?post=11208"}],"curies":[{"name":"wp","href":"https:\/\/api.w.org\/{rel}","templated":true}]}}